{"id":12,"date":"2025-01-03T17:27:41","date_gmt":"2025-01-03T16:27:41","guid":{"rendered":"https:\/\/pgv.pgik.se\/?page_id=12"},"modified":"2026-03-22T22:10:51","modified_gmt":"2026-03-22T21:10:51","slug":"om-oss","status":"publish","type":"page","link":"https:\/\/pgv.pgik.se\/index.php\/om-oss\/","title":{"rendered":"Om oss"},"content":{"rendered":"\n<h2 class=\"wp-block-heading\">Om oss<\/h2>\n\n\n\n<ul class=\"wp-block-list\">\n<li>F\u00f6reningens syfte \u00e4r \u2013 att som en social och ideell f\u00f6rening bibeh\u00e5lla och st\u00e4rka kamratandan mellan medlemmar som tidigare har varit Postgiroanst\u00e4llda.<\/li>\n<\/ul>\n\n\n\n<p><\/p>\n\n\n\n<ul class=\"wp-block-list\">\n<li>F\u00f6reningen ska fr\u00e4mja ett gott kamratskap genom gemensamma aktiviteter s\u00e5som friluftsliv, promenader, resor, luncher, middagar, l\u00e4mpliga sportaktiviteter och bes\u00f6ka utst\u00e4llningar\/musiktr\u00e4ffar mm.<\/li>\n<\/ul>\n\n\n\n<hr class=\"wp-block-separator has-alpha-channel-opacity\"\/>\n\n\n\n<p>Se <a href=\"https:\/\/pgv.pgik.se\/index.php\/kontakta-oss\/\" data-type=\"page\" data-id=\"14\">vilka som \u00e4r i styrelsen<\/a> och \u00f6vrig kontaktinformation<\/p>\n\n\n\n<hr class=\"wp-block-separator has-alpha-channel-opacity\"\/>\n\n\n\n<div class=\"wp-block-file\"><a id=\"wp-block-file--media-c0f50d85-8274-4bd2-b018-3887d5342c5f\" href=\"https:\/\/pgv.pgik.se\/wp-content\/uploads\/2025\/02\/PGV-stadgar-2023-03-27-1.pdf\">Postgirot V\u00e4nners stadgar <\/a><\/div>\n\n\n\n<p><\/p>\n","protected":false},"excerpt":{"rendered":"<p>Om oss Se vilka som \u00e4r i styrelsen och \u00f6vrig &hellip; <\/p>\n","protected":false},"author":1,"featured_media":11,"parent":0,"menu_order":0,"comment_status":"closed","ping_status":"closed","template":"","meta":{"footnotes":""},"class_list":["post-12","page","type-page","status-publish","has-post-thumbnail","hentry"],"_links":{"self":[{"href":"https:\/\/pgv.pgik.se\/index.php\/wp-json\/wp\/v2\/pages\/12","targetHints":{"allow":["GET"]}}],"collection":[{"href":"https:\/\/pgv.pgik.se\/index.php\/wp-json\/wp\/v2\/pages"}],"about":[{"href":"https:\/\/pgv.pgik.se\/index.php\/wp-json\/wp\/v2\/types\/page"}],"author":[{"embeddable":true,"href":"https:\/\/pgv.pgik.se\/index.php\/wp-json\/wp\/v2\/users\/1"}],"replies":[{"embeddable":true,"href":"https:\/\/pgv.pgik.se\/index.php\/wp-json\/wp\/v2\/comments?post=12"}],"version-history":[{"count":19,"href":"https:\/\/pgv.pgik.se\/index.php\/wp-json\/wp\/v2\/pages\/12\/revisions"}],"predecessor-version":[{"id":548,"href":"https:\/\/pgv.pgik.se\/index.php\/wp-json\/wp\/v2\/pages\/12\/revisions\/548"}],"wp:featuredmedia":[{"embeddable":true,"href":"https:\/\/pgv.pgik.se\/index.php\/wp-json\/wp\/v2\/media\/11"}],"wp:attachment":[{"href":"https:\/\/pgv.pgik.se\/index.php\/wp-json\/wp\/v2\/media?parent=12"}],"curies":[{"name":"wp","href":"https:\/\/api.w.org\/{rel}","templated":true}]}}