{"id":13,"date":"2025-01-03T17:27:41","date_gmt":"2025-01-03T16:27:41","guid":{"rendered":"https:\/\/pgv.pgik.se\/?page_id=13"},"modified":"2026-03-02T12:08:52","modified_gmt":"2026-03-02T11:08:52","slug":"medlemsinfo","status":"publish","type":"page","link":"https:\/\/pgv.pgik.se\/index.php\/medlemsinfo\/","title":{"rendered":"Medlemsinfo"},"content":{"rendered":"\n<h2 class=\"wp-block-heading\">Medlemsinformation<\/h2>\n\n\n\n<p>PGV \u00e4r f\u00f6reningen f\u00f6r dig som en g\u00e5ng har varit anst\u00e4lld p\u00e5 Postgirot.<\/p>\n\n\n\n<h2 class=\"wp-block-heading\">Medlemsavgift<\/h2>\n\n\n\n<p>Medlemsavgiften f\u00f6r Postgirots V\u00e4nner 2026 \u00e4r 200 kr. Betala senast 27 februari.<\/p>\n\n\n\n<p>F\u00f6r att underl\u00e4tta v\u00e5r administration rekommenderar vi att du betalar din medlemsavgift med <strong>Swish<\/strong>.  <strong>Enklast f\u00f6r dig, anv\u00e4nd QR-koden nedan:<\/strong><\/p>\n\n\n<div class=\"wp-block-image\">\n<figure class=\"aligncenter size-full is-resized\"><img loading=\"lazy\" decoding=\"async\" width=\"625\" height=\"945\" src=\"https:\/\/pgv.pgik.se\/wp-content\/uploads\/2026\/01\/swish-QR-small.png\" alt=\"\" class=\"wp-image-473\" style=\"aspect-ratio:0.6613823887461112;width:319px;height:auto\" srcset=\"https:\/\/pgv.pgik.se\/wp-content\/uploads\/2026\/01\/swish-QR-small.png 625w, https:\/\/pgv.pgik.se\/wp-content\/uploads\/2026\/01\/swish-QR-small-198x300.png 198w\" sizes=\"auto, (max-width: 625px) 100vw, 625px\" \/><\/figure>\n<\/div>\n\n\n<p><\/p>\n\n\n\n<p>Du ska inte l\u00e4mna n\u00e5got meddelande, belopp och meddelande fylls i automatiskt.<\/p>\n\n\n\n<p>Om du inte anv\u00e4nder QR-koden men vill swisha \u00e4r numret 123 186 72 09, ange <strong>&#8221;Medlemsavgift 2026&#8221;<\/strong> p\u00e5 betalningen, tack.<\/p>\n\n\n\n<p>Om du inte kan swisha, s\u00e4tt in 200 kr p\u00e5 plusgirokonto 40&nbsp;36&nbsp;70-3, ange <strong>ditt namn och medlemsavgift <em>202<\/em>6<\/strong> p\u00e5 ins\u00e4ttningen.<\/p>\n\n\n\n<ol class=\"wp-block-list\">\n<li><\/li>\n<\/ol>\n\n\n\n<hr class=\"wp-block-separator has-alpha-channel-opacity\"\/>\n\n\n\n<h2 class=\"wp-block-heading\">\u00c4ndra medlemsuppgifter?<\/h2>\n\n\n\n<p>Maila&nbsp;<a href=\"mailto:medlem@pgik.se\"><\/a><a href=\"mailto:resaro@pgik.se\">resaro@pgik.se<\/a> dina nya uppgifter.<\/p>\n\n\n\n<hr class=\"wp-block-separator has-alpha-channel-opacity\"\/>\n\n\n\n<h2 class=\"wp-block-heading\">Bli medlem?<\/h2>\n\n\n\n<p>Vill du bli medlem i Postgirots V\u00e4nner (PGV)? Maila dina uppgifter enligt nedan till&nbsp;<a href=\"mailto:resaro@pgik.se\">resaro@pgik.se<\/a>:<\/p>\n\n\n\n<ul class=\"wp-block-list\">\n<li>f\u00f6delsedatum<\/li>\n\n\n\n<li>f\u00f6r- och efternamn<\/li>\n\n\n\n<li>adress<\/li>\n\n\n\n<li>e-postadress<\/li>\n\n\n\n<li>telefonnummer<\/li>\n\n\n\n<li>n\u00e4r och var du jobbade p\u00e5 Postgirot<\/li>\n<\/ul>\n\n\n\n<p>N\u00e4r du f\u00e5tt godk\u00e4nt p\u00e5 din medlemsans\u00f6kan, betala in \u00e5rsavgiften enligt ovan.<\/p>\n\n\n\n<p><\/p>\n\n\n\n<p><\/p>\n\n\n\n<p><\/p>\n","protected":false},"excerpt":{"rendered":"<p>Medlemsinformation PGV \u00e4r f\u00f6reningen f\u00f6r dig som en g\u00e5ng har &hellip; <\/p>\n","protected":false},"author":1,"featured_media":207,"parent":0,"menu_order":0,"comment_status":"closed","ping_status":"closed","template":"","meta":{"footnotes":""},"class_list":["post-13","page","type-page","status-publish","has-post-thumbnail","hentry"],"_links":{"self":[{"href":"https:\/\/pgv.pgik.se\/index.php\/wp-json\/wp\/v2\/pages\/13","targetHints":{"allow":["GET"]}}],"collection":[{"href":"https:\/\/pgv.pgik.se\/index.php\/wp-json\/wp\/v2\/pages"}],"about":[{"href":"https:\/\/pgv.pgik.se\/index.php\/wp-json\/wp\/v2\/types\/page"}],"author":[{"embeddable":true,"href":"https:\/\/pgv.pgik.se\/index.php\/wp-json\/wp\/v2\/users\/1"}],"replies":[{"embeddable":true,"href":"https:\/\/pgv.pgik.se\/index.php\/wp-json\/wp\/v2\/comments?post=13"}],"version-history":[{"count":12,"href":"https:\/\/pgv.pgik.se\/index.php\/wp-json\/wp\/v2\/pages\/13\/revisions"}],"predecessor-version":[{"id":535,"href":"https:\/\/pgv.pgik.se\/index.php\/wp-json\/wp\/v2\/pages\/13\/revisions\/535"}],"wp:featuredmedia":[{"embeddable":true,"href":"https:\/\/pgv.pgik.se\/index.php\/wp-json\/wp\/v2\/media\/207"}],"wp:attachment":[{"href":"https:\/\/pgv.pgik.se\/index.php\/wp-json\/wp\/v2\/media?parent=13"}],"curies":[{"name":"wp","href":"https:\/\/api.w.org\/{rel}","templated":true}]}}