{"id":149,"date":"2025-01-08T01:27:42","date_gmt":"2025-01-08T00:27:42","guid":{"rendered":"https:\/\/pgv.pgik.se\/?page_id=149"},"modified":"2025-01-08T22:31:20","modified_gmt":"2025-01-08T21:31:20","slug":"aktiviteter-2023","status":"publish","type":"page","link":"https:\/\/pgv.pgik.se\/index.php\/aktiviteter-2023\/","title":{"rendered":"Aktiviteter 2023"},"content":{"rendered":"\n<h2 class=\"wp-block-heading\">Aktiviteter 2023<\/h2>\n\n\n\n<p><strong>27 mars<\/strong><br>\u00c5rsm\u00f6te hos IVA p\u00e5 Grev Turegatan 16 och middagsbuff\u00e9 p\u00e5 Restaurang Grodan.<\/p>\n\n\n\n<p><strong>30 maj<\/strong><br>Sp\u00f6kslottet Drottninggatan 116, visning av De g\u00f6mda konstsamlingarna och Orreforssamlingen och 3-r\u00e4tters middag p\u00e5 Restaurang Nabo.<\/p>\n\n\n\n<p>1<strong>7 maj<\/strong><br>B\u00e5tresa till Sandhamn med Cinderella II med lunch p\u00e5 Sandhamn Seglarhotell.<\/p>\n\n\n\n<p><strong>28 september<\/strong><br>Kv\u00e4llskryssning med S\/S Blid\u00f6sund med 3-r\u00e4ttersmiddag och dryck. Framtr\u00e4dande av soulbandet Almost Motown.<\/p>\n\n\n\n<p><strong>9 november<\/strong><br>PG V\u00e4nners Novembergille 2023 med bes\u00f6k p\u00e5 Djurg\u00e5rdens Monet&#8217;s Garden The Immersive Experience med efterf\u00f6ljande 3-r\u00e4ttersmiddag p\u00e5 Villa K\u00e4llhagen.<\/p>\n\n\n\n<p><strong>6 december<\/strong><br>Julbord med S\/S Blid\u00f6sund med b\u00e5ttur fr\u00e5n Skeppsbron.<\/p>\n\n\n\n<hr class=\"wp-block-separator has-alpha-channel-opacity\"\/>\n\n\n\n<p><a href=\"https:\/\/pgv.pgik.se\/index.php\/aktiviteter-2\/\" data-type=\"page\" data-id=\"41\">Tillbaka till sidan f\u00f6r aktiviteter<\/a><\/p>\n\n\n\n<p><\/p>\n","protected":false},"excerpt":{"rendered":"<p>Aktiviteter 2023 27 mars\u00c5rsm\u00f6te hos IVA p\u00e5 Grev Turegatan 16 &hellip; <\/p>\n","protected":false},"author":1,"featured_media":205,"parent":0,"menu_order":0,"comment_status":"closed","ping_status":"closed","template":"","meta":{"footnotes":""},"class_list":["post-149","page","type-page","status-publish","has-post-thumbnail","hentry"],"_links":{"self":[{"href":"https:\/\/pgv.pgik.se\/index.php\/wp-json\/wp\/v2\/pages\/149","targetHints":{"allow":["GET"]}}],"collection":[{"href":"https:\/\/pgv.pgik.se\/index.php\/wp-json\/wp\/v2\/pages"}],"about":[{"href":"https:\/\/pgv.pgik.se\/index.php\/wp-json\/wp\/v2\/types\/page"}],"author":[{"embeddable":true,"href":"https:\/\/pgv.pgik.se\/index.php\/wp-json\/wp\/v2\/users\/1"}],"replies":[{"embeddable":true,"href":"https:\/\/pgv.pgik.se\/index.php\/wp-json\/wp\/v2\/comments?post=149"}],"version-history":[{"count":4,"href":"https:\/\/pgv.pgik.se\/index.php\/wp-json\/wp\/v2\/pages\/149\/revisions"}],"predecessor-version":[{"id":202,"href":"https:\/\/pgv.pgik.se\/index.php\/wp-json\/wp\/v2\/pages\/149\/revisions\/202"}],"wp:featuredmedia":[{"embeddable":true,"href":"https:\/\/pgv.pgik.se\/index.php\/wp-json\/wp\/v2\/media\/205"}],"wp:attachment":[{"href":"https:\/\/pgv.pgik.se\/index.php\/wp-json\/wp\/v2\/media?parent=149"}],"curies":[{"name":"wp","href":"https:\/\/api.w.org\/{rel}","templated":true}]}}