{"id":177,"date":"2025-01-08T21:39:51","date_gmt":"2025-01-08T20:39:51","guid":{"rendered":"https:\/\/pgv.pgik.se\/?page_id=177"},"modified":"2026-03-22T22:07:25","modified_gmt":"2026-03-22T21:07:25","slug":"arsmote-12-mars-2024","status":"publish","type":"page","link":"https:\/\/pgv.pgik.se\/index.php\/arsmote-12-mars-2024\/","title":{"rendered":"\u00c5rsm\u00f6te 12 mars 2024"},"content":{"rendered":"\n<h2 class=\"wp-block-heading\">\u00c5rsm\u00f6te PG V\u00e4nner 12 mars 2024<\/h2>\n\n\n\n<p>\u00c5rsm\u00f6teshandlingar:<\/p>\n\n\n\n<div class=\"wp-block-file\"><a id=\"wp-block-file--media-2a121eb7-892e-4612-899e-051e613034b3\" href=\"https:\/\/pgv.pgik.se\/wp-content\/uploads\/2025\/01\/PGV-Arsberattelse-2023-med-kallese-2024.pdf\">PGV \u00e5rsbera\u0308ttelse 2023 med kallelse<\/a><\/div>\n\n\n\n<div class=\"wp-block-file\"><a id=\"wp-block-file--media-bd8ea9e1-8ada-4954-ba59-03f7813e0494\" href=\"https:\/\/pgv.pgik.se\/wp-content\/uploads\/2025\/01\/PGIK-arsmote-2024-motion-1.pdf\">PGIK a\u030arsmo\u0308te 2024, motion 1<\/a><\/div>\n\n\n\n<div class=\"wp-block-file\"><a id=\"wp-block-file--media-5a1045ac-99af-4330-8deb-503520e2482b\" href=\"https:\/\/pgv.pgik.se\/wp-content\/uploads\/2025\/01\/PGV-Arsmote-2024-12-mars-motion-2.pdf\">PGV \u00e5rsmo\u0308te 2024, motion 2<\/a><\/div>\n\n\n\n<div class=\"wp-block-file\"><a id=\"wp-block-file--media-63d3529f-38f0-4629-b33b-26a14e39c588\" href=\"https:\/\/pgv.pgik.se\/wp-content\/uploads\/2025\/01\/PGV-revisionsberattelse-2023.pdf\">PGV revisionsbera\u0308ttelse 2023<\/a><\/div>\n\n\n\n<div class=\"wp-block-file\"><a id=\"wp-block-file--media-dc4d6ad8-b073-4b78-b8b6-fa5f69d5c1c2\" href=\"https:\/\/pgv.pgik.se\/wp-content\/uploads\/2025\/01\/PGV-arsmote-protokoll-2024-03-12-med-deltagarlista.pdf\">PGV a\u030arsmo\u0308te protokoll 2024-03-12 med deltagarlista<\/a><\/div>\n\n\n\n<hr class=\"wp-block-separator has-alpha-channel-opacity\"\/>\n\n\n\n<p><a href=\"https:\/\/pgv.pgik.se\/index.php\/arsmote\/\" data-type=\"page\" data-id=\"493\">Till sidan f\u00f6r \u00e5rsm\u00f6te<\/a><\/p>\n\n\n\n<p><\/p>\n","protected":false},"excerpt":{"rendered":"<p>\u00c5rsm\u00f6te PG V\u00e4nner 12 mars 2024 \u00c5rsm\u00f6teshandlingar: Till sidan f\u00f6r &hellip; <\/p>\n","protected":false},"author":1,"featured_media":73,"parent":0,"menu_order":0,"comment_status":"closed","ping_status":"closed","template":"","meta":{"footnotes":""},"class_list":["post-177","page","type-page","status-publish","has-post-thumbnail","hentry"],"_links":{"self":[{"href":"https:\/\/pgv.pgik.se\/index.php\/wp-json\/wp\/v2\/pages\/177","targetHints":{"allow":["GET"]}}],"collection":[{"href":"https:\/\/pgv.pgik.se\/index.php\/wp-json\/wp\/v2\/pages"}],"about":[{"href":"https:\/\/pgv.pgik.se\/index.php\/wp-json\/wp\/v2\/types\/page"}],"author":[{"embeddable":true,"href":"https:\/\/pgv.pgik.se\/index.php\/wp-json\/wp\/v2\/users\/1"}],"replies":[{"embeddable":true,"href":"https:\/\/pgv.pgik.se\/index.php\/wp-json\/wp\/v2\/comments?post=177"}],"version-history":[{"count":5,"href":"https:\/\/pgv.pgik.se\/index.php\/wp-json\/wp\/v2\/pages\/177\/revisions"}],"predecessor-version":[{"id":541,"href":"https:\/\/pgv.pgik.se\/index.php\/wp-json\/wp\/v2\/pages\/177\/revisions\/541"}],"wp:featuredmedia":[{"embeddable":true,"href":"https:\/\/pgv.pgik.se\/index.php\/wp-json\/wp\/v2\/media\/73"}],"wp:attachment":[{"href":"https:\/\/pgv.pgik.se\/index.php\/wp-json\/wp\/v2\/media?parent=177"}],"curies":[{"name":"wp","href":"https:\/\/api.w.org\/{rel}","templated":true}]}}