{"id":188,"date":"2025-01-08T21:45:08","date_gmt":"2025-01-08T20:45:08","guid":{"rendered":"https:\/\/pgv.pgik.se\/?page_id=188"},"modified":"2026-03-22T22:07:48","modified_gmt":"2026-03-22T21:07:48","slug":"arsmote-20-mars-2025","status":"publish","type":"page","link":"https:\/\/pgv.pgik.se\/index.php\/arsmote-20-mars-2025\/","title":{"rendered":"\u00c5rsm\u00f6te 20 mars 2025"},"content":{"rendered":"\n<h2 class=\"wp-block-heading\">\u00c5rsm\u00f6te Postgirots V\u00e4nner 20 mars 2025<\/h2>\n\n\n\n<p>Med uppm\u00e4rksammande av Postgirot skulle fyllt 100 \u00e5r genom f\u00f6redrag av Larzoloph Landin.<\/p>\n\n\n\n<p>\u00c5rsm\u00f6teshandlingar:<\/p>\n\n\n\n<div class=\"wp-block-file\"><a id=\"wp-block-file--media-02e984c1-c4c9-4a27-85b5-25066b031f76\" href=\"https:\/\/pgv.pgik.se\/wp-content\/uploads\/2025\/02\/Foredragningslista-for-arsmote-i-Postgirots-Vanner-2025.pdf\" target=\"_blank\" rel=\"noreferrer noopener\">Fo\u0308redragningslista fo\u0308r a\u030arsmo\u0308te Postgirots Va\u0308nner 2025<\/a><\/div>\n\n\n\n<div class=\"wp-block-file\"><a id=\"wp-block-file--media-21766691-a92d-4cc6-8aa9-451926663aa4\" href=\"https:\/\/pgv.pgik.se\/wp-content\/uploads\/2025\/02\/Verksamhetsberattelse-PGV-2024.pdf\" target=\"_blank\" rel=\"noreferrer noopener\">Verksamhetsbera\u0308ttelse Postgirots V\u00e4nner 2024<\/a><\/div>\n\n\n\n<div class=\"wp-block-file\"><a id=\"wp-block-file--media-eec83cde-1d89-4f98-93da-31757fbf2319\" href=\"https:\/\/pgv.pgik.se\/wp-content\/uploads\/2025\/03\/Postgirots-vanner-PGV-verksamhetsplan-2025_uppdaterad.pdf\" target=\"_blank\" rel=\"noreferrer noopener\">Verksamhetsplan Postgirots V\u00e4nner 2025, uppdaterad<\/a><\/div>\n\n\n\n<div class=\"wp-block-file\"><a id=\"wp-block-file--media-b21edaf7-927d-4c8f-b198-14d51e4e59eb\" href=\"https:\/\/pgv.pgik.se\/wp-content\/uploads\/2025\/03\/Revisionsberattelse-PGV-2025-scaled.jpg\" target=\"_blank\" rel=\"noreferrer noopener\">Revisionsbera\u0308ttelse Postgirots V\u00e4nner 2025<\/a><\/div>\n\n\n\n<div class=\"wp-block-file\"><a id=\"wp-block-file--media-3db5e0d6-1ef8-458c-b4a9-2b37ad1aba34\" href=\"https:\/\/pgv.pgik.se\/wp-content\/uploads\/2025\/02\/PGV-VALBEREDNINGENS-RAPPORT-SAMT-FORSLAG-2025-.pdf\" target=\"_blank\" rel=\"noreferrer noopener\">Valberedningens rapport samt f\u00f6rslag Postgirots V\u00e4nner 2025<\/a><\/div>\n\n\n\n<div class=\"wp-block-file\"><a id=\"wp-block-file--media-42e9c785-02b1-4417-a100-67f9fd5ec7f4\" href=\"https:\/\/pgv.pgik.se\/wp-content\/uploads\/2025\/08\/Protokoll-PGV-arsmote-2025-03-20_uppdaterat.pdf\">Protokoll PGV a\u030arsmo\u0308te 2025-03-20<\/a><\/div>\n\n\n\n<p>Maila styrelsen p\u00e5&nbsp;<a href=\"https:\/\/outlook.live.com\/mail\/0\/inbox\/id\/AQQkADAwATY3ZmYAZS1lZDNlLWNkYmIALTAwAi0wMAoAEABDlc5ZLohLbbPtU9i3oqTl\/sxs\/AAkALgAAAAAAHYQDEapmEc2byACqAC%2FEWg0AvBWoPSlKEkGr7tckNQ4oTgAI70kilwAAARIAEADhk4RDFuw%2FTLxrmPr9Y0wJmailto:pgvaktiv@pgik.se\" target=\"_blank\" rel=\"noreferrer noopener\">pgvaktiv@pgik.se<\/a>&nbsp;&nbsp;om du vill ta del av balansrapporten och resultatrapporten.<\/p>\n\n\n\n<hr class=\"wp-block-separator has-alpha-channel-opacity\"\/>\n\n\n\n<p><a href=\"https:\/\/pgv.pgik.se\/index.php\/arsmote\/\" data-type=\"page\" data-id=\"493\">Till sidan f\u00f6r \u00e5rsm\u00f6te<\/a><\/p>\n","protected":false},"excerpt":{"rendered":"<p>\u00c5rsm\u00f6te Postgirots V\u00e4nner 20 mars 2025 Med uppm\u00e4rksammande av Postgirot &hellip; <\/p>\n","protected":false},"author":1,"featured_media":73,"parent":0,"menu_order":0,"comment_status":"closed","ping_status":"closed","template":"","meta":{"footnotes":""},"class_list":["post-188","page","type-page","status-publish","has-post-thumbnail","hentry"],"_links":{"self":[{"href":"https:\/\/pgv.pgik.se\/index.php\/wp-json\/wp\/v2\/pages\/188","targetHints":{"allow":["GET"]}}],"collection":[{"href":"https:\/\/pgv.pgik.se\/index.php\/wp-json\/wp\/v2\/pages"}],"about":[{"href":"https:\/\/pgv.pgik.se\/index.php\/wp-json\/wp\/v2\/types\/page"}],"author":[{"embeddable":true,"href":"https:\/\/pgv.pgik.se\/index.php\/wp-json\/wp\/v2\/users\/1"}],"replies":[{"embeddable":true,"href":"https:\/\/pgv.pgik.se\/index.php\/wp-json\/wp\/v2\/comments?post=188"}],"version-history":[{"count":25,"href":"https:\/\/pgv.pgik.se\/index.php\/wp-json\/wp\/v2\/pages\/188\/revisions"}],"predecessor-version":[{"id":542,"href":"https:\/\/pgv.pgik.se\/index.php\/wp-json\/wp\/v2\/pages\/188\/revisions\/542"}],"wp:featuredmedia":[{"embeddable":true,"href":"https:\/\/pgv.pgik.se\/index.php\/wp-json\/wp\/v2\/media\/73"}],"wp:attachment":[{"href":"https:\/\/pgv.pgik.se\/index.php\/wp-json\/wp\/v2\/media?parent=188"}],"curies":[{"name":"wp","href":"https:\/\/api.w.org\/{rel}","templated":true}]}}