{"id":291,"date":"2025-02-17T22:50:34","date_gmt":"2025-02-17T21:50:34","guid":{"rendered":"https:\/\/pgv.pgik.se\/?page_id=291"},"modified":"2025-09-08T15:12:56","modified_gmt":"2025-09-08T13:12:56","slug":"regler-for-aktiviteter-i-postgirots-vanner","status":"publish","type":"page","link":"https:\/\/pgv.pgik.se\/index.php\/regler-for-aktiviteter-i-postgirots-vanner\/","title":{"rendered":"Regler f\u00f6r aktiviteter"},"content":{"rendered":"\n<h2 class=\"wp-block-heading\">Regler f\u00f6r aktiviteter<\/h2>\n\n\n\n<ul class=\"wp-block-list\">\n<li>Postgirot V\u00e4nners aktiviteter ska vara till en l\u00e5g kostnad f\u00f6r medlemmarna. Som tumregel g\u00e4ller ca 20 % av kostnaden.<\/li>\n\n\n\n<li>Anm\u00e4lan ska vara&nbsp;<strong>bindande och om deltagaravgift inte betalas in&nbsp;<\/strong>och f\u00f6reningen haft kostnad&nbsp;<strong>kommer deltagaravgift att faktureras&nbsp;medlemmen<\/strong>.<\/li>\n\n\n\n<li>Deltagaravgift betalas in efter det att medlem f\u00e5tt bekr\u00e4ftelse p\u00e5 att man f\u00e5tt plats. Detta f\u00f6r att undvika merarbete f\u00f6r aktivitetsansvarig.<\/li>\n\n\n\n<li>Om platserna till en aktivitet blir fullbokade uppr\u00e4ttas en <strong>reservlista<\/strong>. Om stor efterfr\u00e5gan kan vi om m\u00f6jlighet finns, ut\u00f6ka antalet platser eller arrangera ett extra tillf\u00e4lle.<\/li>\n\n\n\n<li>Medlem som har betalt in deltagaravgift men <strong>f\u00e5r f\u00f6rhinder f\u00f6re sista datum f\u00f6r avgiftsfri avbokning<\/strong> enligt arrangemangets avbokningsregler f\u00e5r i regel anm\u00e4lningsavgiften \u00e5terbetald. Om deltagare anm\u00e4ler&nbsp;<strong>f\u00f6rhinder<\/strong>&nbsp;efter detta sista datum men senast 72 timmar innan aktiviteten b\u00f6rjar, kan hen f\u00e5 anm\u00e4lningsavgiften \u00e5terbetald om aktiviteten s\u00e5 till\u00e5ter och aktivitetsansvariga hittar ers\u00e4ttare.<\/li>\n\n\n\n<li>F\u00f6r att hitta ers\u00e4ttare g\u00f6r aktivitetsansvarig\n<ol class=\"wp-block-list\">\n<li>Tar in deltagare i prioritetsordning fr\u00e5n reservlistan om s\u00e5dan finns.<\/li>\n\n\n\n<li>H\u00f6r av sig till styrelsen om n\u00e5gon d\u00e4r vill delta eller k\u00e4nner till n\u00e5gon medlem som vill.<\/li>\n\n\n\n<li>Icke-medlem.<\/li>\n<\/ol>\n<\/li>\n\n\n\n<li>Ers\u00e4ttare betalar den avgift som \u00e4r fastst\u00e4lld f\u00f6r arrangemanget.<\/li>\n\n\n\n<li>Man m\u00e5ste som ers\u00e4ttare anm\u00e4la sig och betala f\u00f6r hela<br>arrangemanget, inte endast delta p\u00e5 som exempel teaterf\u00f6rest\u00e4llning men inte efterf\u00f6ljande middag.<\/li>\n<\/ul>\n\n\n\n<h2 class=\"wp-block-heading\">Deltagande av icke-medlem<\/h2>\n\n\n\n<ul class=\"wp-block-list\">\n<li>Vid aktivitet d\u00e4r det \u00e4r m\u00f6jligt kan \u201dIcke-medlem\u201d, t ex make\/make\/partner\/v\u00e4n till medlem, f\u00e5 delta p\u00e5 aktiviteten. I dessa fall betalar \u201dicke-medlemmen\u201d <strong>fullt pris och f\u00e5r inte n\u00e5gon subvention<\/strong>.<\/li>\n\n\n\n<li>Aktivitetsansvariga beslutar vilka aktiviteter som icke-medlemmar kan delta i.<\/li>\n<\/ul>\n\n\n\n<hr class=\"wp-block-separator has-alpha-channel-opacity\"\/>\n\n\n\n<h2 class=\"wp-block-heading\">Kontonummer<\/h2>\n\n\n\n<p>Plusgiro konto f\u00f6r aktiviteter: <\/p>\n\n\n\n<ul class=\"wp-block-list\">\n<li>Postgirots v\u00e4nner 403 670-3<\/li>\n<\/ul>\n\n\n\n<hr class=\"wp-block-separator has-alpha-channel-opacity\"\/>\n\n\n\n<p>Tillbaka till <a href=\"https:\/\/pgv.pgik.se\/index.php\/aktiviteter-2\/\" data-type=\"page\" data-id=\"41\">sidan f\u00f6r aktiviteter<\/a><\/p>\n\n\n\n<p><\/p>\n","protected":false},"excerpt":{"rendered":"<p>Regler f\u00f6r aktiviteter Deltagande av icke-medlem Kontonummer Plusgiro konto f\u00f6r &hellip; <\/p>\n","protected":false},"author":1,"featured_media":0,"parent":0,"menu_order":0,"comment_status":"closed","ping_status":"closed","template":"","meta":{"footnotes":""},"class_list":["post-291","page","type-page","status-publish","hentry"],"_links":{"self":[{"href":"https:\/\/pgv.pgik.se\/index.php\/wp-json\/wp\/v2\/pages\/291","targetHints":{"allow":["GET"]}}],"collection":[{"href":"https:\/\/pgv.pgik.se\/index.php\/wp-json\/wp\/v2\/pages"}],"about":[{"href":"https:\/\/pgv.pgik.se\/index.php\/wp-json\/wp\/v2\/types\/page"}],"author":[{"embeddable":true,"href":"https:\/\/pgv.pgik.se\/index.php\/wp-json\/wp\/v2\/users\/1"}],"replies":[{"embeddable":true,"href":"https:\/\/pgv.pgik.se\/index.php\/wp-json\/wp\/v2\/comments?post=291"}],"version-history":[{"count":15,"href":"https:\/\/pgv.pgik.se\/index.php\/wp-json\/wp\/v2\/pages\/291\/revisions"}],"predecessor-version":[{"id":421,"href":"https:\/\/pgv.pgik.se\/index.php\/wp-json\/wp\/v2\/pages\/291\/revisions\/421"}],"wp:attachment":[{"href":"https:\/\/pgv.pgik.se\/index.php\/wp-json\/wp\/v2\/media?parent=291"}],"curies":[{"name":"wp","href":"https:\/\/api.w.org\/{rel}","templated":true}]}}