{"id":362,"date":"2025-05-12T23:12:54","date_gmt":"2025-05-12T21:12:54","guid":{"rendered":"https:\/\/pgv.pgik.se\/?page_id=362"},"modified":"2025-05-12T23:12:54","modified_gmt":"2025-05-12T21:12:54","slug":"historisk-vandring-i-de-hollandska-soder","status":"publish","type":"page","link":"https:\/\/pgv.pgik.se\/index.php\/historisk-vandring-i-de-hollandska-soder\/","title":{"rendered":"Historisk vandring i de holl\u00e4ndska S\u00f6der"},"content":{"rendered":"\n<p>V\u00e4lkomna till en Historisk Vandring i de \u201dHoll\u00e4ndska kvarteren\u201d p\u00e5 S\u00f6dermalm<\/p>\n\n\n\n<p>S\u00f6dermalm var starkt p\u00e5verkad av holl\u00e4ndskt inflytande under 1600 talet och Peter Frisk, v\u00e5r guide, ska ber\u00e4tta mer om det och vandringen tar ca 1,5 timme.<\/p>\n\n\n\n<p>Vandringen startar utanf\u00f6r Nederl\u00e4ndernas ambassad G\u00f6tgatan 15, Louis de Geers palats klockan 15:00 15:e maj.<\/p>\n\n\n\n<figure class=\"wp-block-image size-large\"><img loading=\"lazy\" decoding=\"async\" width=\"1024\" height=\"677\" src=\"https:\/\/pgv.pgik.se\/wp-content\/uploads\/2025\/02\/hollandska_soeer_vandring-1024x677.png\" alt=\"Bild p\u00e5 vandring i holl\u00e4ndska s\u00f6der\" class=\"wp-image-258\" srcset=\"https:\/\/pgv.pgik.se\/wp-content\/uploads\/2025\/02\/hollandska_soeer_vandring-1024x677.png 1024w, https:\/\/pgv.pgik.se\/wp-content\/uploads\/2025\/02\/hollandska_soeer_vandring-300x198.png 300w, https:\/\/pgv.pgik.se\/wp-content\/uploads\/2025\/02\/hollandska_soeer_vandring-768x508.png 768w, https:\/\/pgv.pgik.se\/wp-content\/uploads\/2025\/02\/hollandska_soeer_vandring.png 1183w\" sizes=\"auto, (max-width: 1024px) 100vw, 1024px\" \/><\/figure>\n\n\n\n<p>Du anm\u00e4ler dig till PGVAKTIV@PGIK.se senast 25:e april. Antal platser \u00e4r 30 och f\u00f6rst till kvarn g\u00e4ller.<\/p>\n\n\n\n<p>Efter vandringen g\u00e5r vi till restaurang Beefeater Inn p\u00e5 G\u00f6tgatan 11. Du kan v\u00e4lja mellan f\u00f6ljande r\u00e4tter:<\/p>\n\n\n\n<ul class=\"wp-block-list\">\n<li>Cheese burger med bacon, r\u00f6dl\u00f6k, chilidressing och pommes<\/li>\n\n\n\n<li>Fish\u2019n Chips med sallad, tartars\u00e5s och pommes<\/li>\n\n\n\n<li>Stekt str\u00f6mming med r\u00e5r\u00f6rda lingon, pressgurka, dill, brynt sm\u00f6r och potatispur\u00e9<\/li>\n\n\n\n<li>Halloumi burger med sallad, r\u00f6dl\u00f6k, chilidressing och pommes<\/li>\n<\/ul>\n\n\n\n<p>N\u00e4r du f\u00e5r \u00e5terkoppling fr\u00e5n oss betalar du in anm\u00e4lningsavgiften p\u00e5 125 kr till av oss angivet pg-nr. Vid avbokning \u00e5terbetalas anm\u00e4lningsavgiften endast om vi har n\u00e5gon p\u00e5 reservlista.<\/p>\n\n\n\n<p>Varmt v\u00e4lkomna \u00f6nskar aktivitetsgruppen i Postgirots V\u00e4nner<\/p>\n\n\n\n<p>Har du fr\u00e5gor kontakta aktivitetsansvariga:<br>Charlotta Larsson 070 0085795<br>Ingalill Ekvall 073 020015<\/p>\n","protected":false},"excerpt":{"rendered":"<p>V\u00e4lkomna till en Historisk Vandring i de \u201dHoll\u00e4ndska kvarteren\u201d p\u00e5 &hellip; <\/p>\n","protected":false},"author":1,"featured_media":258,"parent":0,"menu_order":0,"comment_status":"closed","ping_status":"closed","template":"","meta":{"footnotes":""},"class_list":["post-362","page","type-page","status-publish","has-post-thumbnail","hentry"],"_links":{"self":[{"href":"https:\/\/pgv.pgik.se\/index.php\/wp-json\/wp\/v2\/pages\/362","targetHints":{"allow":["GET"]}}],"collection":[{"href":"https:\/\/pgv.pgik.se\/index.php\/wp-json\/wp\/v2\/pages"}],"about":[{"href":"https:\/\/pgv.pgik.se\/index.php\/wp-json\/wp\/v2\/types\/page"}],"author":[{"embeddable":true,"href":"https:\/\/pgv.pgik.se\/index.php\/wp-json\/wp\/v2\/users\/1"}],"replies":[{"embeddable":true,"href":"https:\/\/pgv.pgik.se\/index.php\/wp-json\/wp\/v2\/comments?post=362"}],"version-history":[{"count":1,"href":"https:\/\/pgv.pgik.se\/index.php\/wp-json\/wp\/v2\/pages\/362\/revisions"}],"predecessor-version":[{"id":363,"href":"https:\/\/pgv.pgik.se\/index.php\/wp-json\/wp\/v2\/pages\/362\/revisions\/363"}],"wp:featuredmedia":[{"embeddable":true,"href":"https:\/\/pgv.pgik.se\/index.php\/wp-json\/wp\/v2\/media\/258"}],"wp:attachment":[{"href":"https:\/\/pgv.pgik.se\/index.php\/wp-json\/wp\/v2\/media?parent=362"}],"curies":[{"name":"wp","href":"https:\/\/api.w.org\/{rel}","templated":true}]}}