{"id":372,"date":"2025-05-13T22:56:04","date_gmt":"2025-05-13T20:56:04","guid":{"rendered":"https:\/\/pgv.pgik.se\/?page_id=372"},"modified":"2025-05-13T23:02:19","modified_gmt":"2025-05-13T21:02:19","slug":"operakryssning-confidencen-ulriksdals-slottsteater","status":"publish","type":"page","link":"https:\/\/pgv.pgik.se\/index.php\/operakryssning-confidencen-ulriksdals-slottsteater\/","title":{"rendered":"Operakryssning Confidencen &#8211; Ulriksdals Slottsteater"},"content":{"rendered":"\n<h2 class=\"wp-block-heading\">Operakryssning Confidencen &#8211; Ulriksdals Slottsteater<\/h2>\n\n\n\n<p>Postgirots V\u00e4nner inbjuds till en trevlig kv\u00e4ll<\/p>\n\n\n\n<ul class=\"wp-block-list\">\n<li>N\u00e4r: onsdagen 30 juli samling kl 16.30<\/li>\n\n\n\n<li>Var: b\u00e5ten E\/S Prins Daniel avg\u00e5r kl 17.00 fr\u00e5n Str\u00f6mkajen, Gate D<\/li>\n<\/ul>\n\n\n\n<figure class=\"wp-block-image size-full\"><img loading=\"lazy\" decoding=\"async\" width=\"720\" height=\"405\" src=\"https:\/\/pgv.pgik.se\/wp-content\/uploads\/2025\/04\/confidencen-opera.jpg\" alt=\"Bild fr\u00e5n Confidencen\" class=\"wp-image-339\" srcset=\"https:\/\/pgv.pgik.se\/wp-content\/uploads\/2025\/04\/confidencen-opera.jpg 720w, https:\/\/pgv.pgik.se\/wp-content\/uploads\/2025\/04\/confidencen-opera-300x169.jpg 300w\" sizes=\"auto, (max-width: 720px) 100vw, 720px\" \/><\/figure>\n\n\n\n<p>V\u00e4lkommen till en minnesv\u00e4rd utflykt till Sveriges \u00e4ldsta rokokoteater, Ulriksdals Slottsteater Confidencen. B\u00e5tf\u00e4rden g\u00e5r genom den vackra Djurg\u00e5rdsbrunnskanalen, genom Stocksundet upp till Edsviken och kungliga Ulriksdals slott.<\/p>\n\n\n\n<p>Under b\u00e5tf\u00e4rden serveras en delikatesstallrik med svenska smaker samt ett glas vin\/\u00f6l eller alkoholfri dryck. Delikatesstallriken inneh\u00e5ller tre sorters aptitretare, inkokt lax med tillbeh\u00f6r samt en vaniljpanacotta med rabarber och rostad vit choklad. Ange om du har allergier.<\/p>\n\n\n\n<p><strong>Don Giovanni \u2013 spelas sommaren 2025<\/strong><\/p>\n\n\n\n<p>Den notoriske f\u00f6rf\u00f6raren Don Giovanni charmerar och tar v\u00e4rlden med storm men st\u00e4lls till slut inf\u00f6r konsekvenserna av sina handlingar. I Confidencens upps\u00e4ttning ger regiss\u00f6ren Deda Christina Colonna en nyanserad tolkning av Mozarts m\u00e4sterverk, d\u00e4r huvudpersonen skildras med djup och k\u00e4nslighet, som<br>vid operans uruppf\u00f6rande.<\/p>\n\n\n\n<p>Efter konserten avg\u00e5r bussen 21.50 fr\u00e5n Confidencen till Klarabergsviadukten. Bussresan tar ca 30 minuter.<\/p>\n\n\n\n<p><strong>Anm\u00e4lan<\/strong><\/p>\n\n\n\n<p>Vi har 30 biljetter s\u00e5 f\u00f6rst till kvarn g\u00e4ller. Ditt pris \u00e4r 325 kr som du betalar in p\u00e5 angivet konto n\u00e4r du f\u00e5tt svar att du f\u00e5r plats. Anm\u00e4lan g\u00f6r du genom att maila till pgvaktiv@pgik.se senast den 23 maj. Vid avbokning efter 25\/7 \u00e5terbetalas inte avgiften.<\/p>\n\n\n\n<p>Hoppas vi ses!<\/p>\n\n\n\n<p>Har du fr\u00e5gor kontakta aktivitetsansvariga:<\/p>\n\n\n\n<p>Ingalill Ekvall 0730200150<br>Helena Carnell 0738333112<\/p>\n","protected":false},"excerpt":{"rendered":"<p>Operakryssning Confidencen &#8211; Ulriksdals Slottsteater Postgirots V\u00e4nner inbjuds till en &hellip; <\/p>\n","protected":false},"author":1,"featured_media":339,"parent":0,"menu_order":0,"comment_status":"closed","ping_status":"closed","template":"","meta":{"footnotes":""},"class_list":["post-372","page","type-page","status-publish","has-post-thumbnail","hentry"],"_links":{"self":[{"href":"https:\/\/pgv.pgik.se\/index.php\/wp-json\/wp\/v2\/pages\/372","targetHints":{"allow":["GET"]}}],"collection":[{"href":"https:\/\/pgv.pgik.se\/index.php\/wp-json\/wp\/v2\/pages"}],"about":[{"href":"https:\/\/pgv.pgik.se\/index.php\/wp-json\/wp\/v2\/types\/page"}],"author":[{"embeddable":true,"href":"https:\/\/pgv.pgik.se\/index.php\/wp-json\/wp\/v2\/users\/1"}],"replies":[{"embeddable":true,"href":"https:\/\/pgv.pgik.se\/index.php\/wp-json\/wp\/v2\/comments?post=372"}],"version-history":[{"count":3,"href":"https:\/\/pgv.pgik.se\/index.php\/wp-json\/wp\/v2\/pages\/372\/revisions"}],"predecessor-version":[{"id":379,"href":"https:\/\/pgv.pgik.se\/index.php\/wp-json\/wp\/v2\/pages\/372\/revisions\/379"}],"wp:featuredmedia":[{"embeddable":true,"href":"https:\/\/pgv.pgik.se\/index.php\/wp-json\/wp\/v2\/media\/339"}],"wp:attachment":[{"href":"https:\/\/pgv.pgik.se\/index.php\/wp-json\/wp\/v2\/media?parent=372"}],"curies":[{"name":"wp","href":"https:\/\/api.w.org\/{rel}","templated":true}]}}