{"id":493,"date":"2026-01-24T15:08:25","date_gmt":"2026-01-24T14:08:25","guid":{"rendered":"https:\/\/pgv.pgik.se\/?page_id=493"},"modified":"2026-04-04T18:10:41","modified_gmt":"2026-04-04T16:10:41","slug":"arsmote","status":"publish","type":"page","link":"https:\/\/pgv.pgik.se\/index.php\/arsmote\/","title":{"rendered":"\u00c5rsm\u00f6te"},"content":{"rendered":"\n<h2 class=\"wp-block-heading\">\u00c5rsm\u00f6te<\/h2>\n\n\n\n<p>\u00c5rsm\u00f6teshandlingar tidigare \u00e5r:<\/p>\n\n\n\n<p><a href=\"https:\/\/pgv.pgik.se\/index.php\/arsmote-19-mars-2026\/\" data-type=\"page\" data-id=\"558\">\u00c5rsm\u00f6teshandlingar f\u00f6r 2026<\/a><\/p>\n\n\n\n<p><a href=\"https:\/\/pgv.pgik.se\/index.php\/arsmote-20-mars-2025\/\">\u00c5rsm\u00f6teshandlingar f\u00f6r 2025<\/a><\/p>\n\n\n\n<p><a href=\"https:\/\/pgv.pgik.se\/index.php\/arsmote-12-mars-2024\/\">\u00c5rsm\u00f6teshandlingar f\u00f6r 2024<\/a><\/p>\n\n\n\n<hr class=\"wp-block-separator has-alpha-channel-opacity\"\/>\n\n\n\n<p><\/p>\n","protected":false},"excerpt":{"rendered":"<p>\u00c5rsm\u00f6te \u00c5rsm\u00f6teshandlingar tidigare \u00e5r: \u00c5rsm\u00f6teshandlingar f\u00f6r 2026 \u00c5rsm\u00f6teshandlingar f\u00f6r 2025 &hellip; <\/p>\n","protected":false},"author":1,"featured_media":73,"parent":0,"menu_order":0,"comment_status":"closed","ping_status":"closed","template":"","meta":{"footnotes":""},"class_list":["post-493","page","type-page","status-publish","has-post-thumbnail","hentry"],"_links":{"self":[{"href":"https:\/\/pgv.pgik.se\/index.php\/wp-json\/wp\/v2\/pages\/493","targetHints":{"allow":["GET"]}}],"collection":[{"href":"https:\/\/pgv.pgik.se\/index.php\/wp-json\/wp\/v2\/pages"}],"about":[{"href":"https:\/\/pgv.pgik.se\/index.php\/wp-json\/wp\/v2\/types\/page"}],"author":[{"embeddable":true,"href":"https:\/\/pgv.pgik.se\/index.php\/wp-json\/wp\/v2\/users\/1"}],"replies":[{"embeddable":true,"href":"https:\/\/pgv.pgik.se\/index.php\/wp-json\/wp\/v2\/comments?post=493"}],"version-history":[{"count":12,"href":"https:\/\/pgv.pgik.se\/index.php\/wp-json\/wp\/v2\/pages\/493\/revisions"}],"predecessor-version":[{"id":577,"href":"https:\/\/pgv.pgik.se\/index.php\/wp-json\/wp\/v2\/pages\/493\/revisions\/577"}],"wp:featuredmedia":[{"embeddable":true,"href":"https:\/\/pgv.pgik.se\/index.php\/wp-json\/wp\/v2\/media\/73"}],"wp:attachment":[{"href":"https:\/\/pgv.pgik.se\/index.php\/wp-json\/wp\/v2\/media?parent=493"}],"curies":[{"name":"wp","href":"https:\/\/api.w.org\/{rel}","templated":true}]}}