{"id":558,"date":"2026-03-26T17:18:49","date_gmt":"2026-03-26T16:18:49","guid":{"rendered":"https:\/\/pgv.pgik.se\/?page_id=558"},"modified":"2026-03-30T16:50:16","modified_gmt":"2026-03-30T14:50:16","slug":"arsmote-19-mars-2026","status":"publish","type":"page","link":"https:\/\/pgv.pgik.se\/index.php\/arsmote-19-mars-2026\/","title":{"rendered":"\u00c5rsm\u00f6te 19 mars 2026"},"content":{"rendered":"\n<p><strong>\u00c5rsm\u00f6teshandlingar<\/strong> <strong>2026<\/strong><\/p>\n\n\n\n<div class=\"wp-block-file\"><a id=\"wp-block-file--media-6c3cbd26-403c-4c05-9638-7b291b8d64cb\" href=\"https:\/\/pgv.pgik.se\/wp-content\/uploads\/2026\/02\/Foredragningslista-PGV-2026.pdf\">Fo\u0308redragningslista<\/a><\/div>\n\n\n\n<div class=\"wp-block-file\"><a id=\"wp-block-file--media-612b5d68-b56c-4a03-aeeb-9c1753e2aac6\" href=\"https:\/\/pgv.pgik.se\/wp-content\/uploads\/2026\/02\/Revisionsberattelse-PGF-2025.pdf\">Revisionsbera\u0308ttelse 2025<\/a><\/div>\n\n\n\n<div class=\"wp-block-file\"><a id=\"wp-block-file--media-b05af44b-53ef-4151-ba0f-4c4b39389d60\" href=\"https:\/\/pgv.pgik.se\/wp-content\/uploads\/2026\/02\/Valberedningen-PGV-2026.pdf\">Valberedningens rapport 2026<\/a><\/div>\n\n\n\n<div class=\"wp-block-file\"><a id=\"wp-block-file--media-58e949bc-76dd-4e0b-8b65-a4ff449262f9\" href=\"https:\/\/pgv.pgik.se\/wp-content\/uploads\/2026\/02\/Verksamhetsberattelse-PGV-2025.pdf\">Verksamhetsbera\u0308ttelse 2025<\/a><\/div>\n\n\n\n<div class=\"wp-block-file\"><a id=\"wp-block-file--media-d4016ee9-c73f-4d16-932e-393510aff5ea\" href=\"https:\/\/pgv.pgik.se\/wp-content\/uploads\/2026\/02\/Verksamhetsplan-PGV-2026.pdf\">Verksamhetsplan 2026<\/a><\/div>\n\n\n\n<div class=\"wp-block-file\"><a id=\"wp-block-file--media-19aadd36-edc5-485f-8bed-4de4d3fde0c0\" href=\"https:\/\/pgv.pgik.se\/wp-content\/uploads\/2026\/03\/Protokoll-PGV-arsmote-2026-03-19.pdf\">Protokoll PGV a\u030arsmo\u0308te 2026-03-19<\/a><\/div>\n\n\n\n<p>Maila styrelsen p\u00e5&nbsp;<a href=\"https:\/\/outlook.live.com\/mail\/0\/inbox\/id\/AQQkADAwATY3ZmYAZS1lZDNlLWNkYmIALTAwAi0wMAoAEABDlc5ZLohLbbPtU9i3oqTl\/sxs\/AAkALgAAAAAAHYQDEapmEc2byACqAC%2FEWg0AvBWoPSlKEkGr7tckNQ4oTgAI70kilwAAARIAEADhk4RDFuw%2FTLxrmPr9Y0wJmailto:pgvaktiv@pgik.se\" target=\"_blank\" rel=\"noreferrer noopener\">pgvaktiv@pgik.se<\/a>&nbsp;&nbsp;om du vill ta del av balansrapporten och resultatrapporten.<\/p>\n\n\n\n<p><\/p>\n","protected":false},"excerpt":{"rendered":"<p>\u00c5rsm\u00f6teshandlingar 2026 Maila styrelsen p\u00e5&nbsp;pgvaktiv@pgik.se&nbsp;&nbsp;om du vill ta del av &hellip; <\/p>\n","protected":false},"author":1,"featured_media":0,"parent":0,"menu_order":0,"comment_status":"closed","ping_status":"closed","template":"","meta":{"footnotes":""},"class_list":["post-558","page","type-page","status-publish","hentry"],"_links":{"self":[{"href":"https:\/\/pgv.pgik.se\/index.php\/wp-json\/wp\/v2\/pages\/558","targetHints":{"allow":["GET"]}}],"collection":[{"href":"https:\/\/pgv.pgik.se\/index.php\/wp-json\/wp\/v2\/pages"}],"about":[{"href":"https:\/\/pgv.pgik.se\/index.php\/wp-json\/wp\/v2\/types\/page"}],"author":[{"embeddable":true,"href":"https:\/\/pgv.pgik.se\/index.php\/wp-json\/wp\/v2\/users\/1"}],"replies":[{"embeddable":true,"href":"https:\/\/pgv.pgik.se\/index.php\/wp-json\/wp\/v2\/comments?post=558"}],"version-history":[{"count":3,"href":"https:\/\/pgv.pgik.se\/index.php\/wp-json\/wp\/v2\/pages\/558\/revisions"}],"predecessor-version":[{"id":573,"href":"https:\/\/pgv.pgik.se\/index.php\/wp-json\/wp\/v2\/pages\/558\/revisions\/573"}],"wp:attachment":[{"href":"https:\/\/pgv.pgik.se\/index.php\/wp-json\/wp\/v2\/media?parent=558"}],"curies":[{"name":"wp","href":"https:\/\/api.w.org\/{rel}","templated":true}]}}