{"id":7,"date":"2025-01-03T17:27:41","date_gmt":"2025-01-03T16:27:41","guid":{"rendered":"https:\/\/pgv.pgik.se\/?page_id=7"},"modified":"2025-01-03T17:27:41","modified_gmt":"2025-01-03T16:27:41","slug":"hem","status":"publish","type":"page","link":"https:\/\/pgv.pgik.se\/","title":{"rendered":"Hem"},"content":{"rendered":"\n<p>V\u00e4lkommen till din nya webbplats. Det h\u00e4r \u00e4r din startsida, som de flesta bes\u00f6karna kommer att se n\u00e4r de kommer till din webbplats f\u00f6r f\u00f6rsta g\u00e5ngen.<\/p>\n","protected":false},"excerpt":{"rendered":"<p>V\u00e4lkommen till din nya webbplats. Det h\u00e4r \u00e4r din startsida, &hellip; <\/p>\n","protected":false},"author":1,"featured_media":0,"parent":0,"menu_order":0,"comment_status":"closed","ping_status":"closed","template":"","meta":{"footnotes":""},"class_list":["post-7","page","type-page","status-publish","hentry"],"_links":{"self":[{"href":"https:\/\/pgv.pgik.se\/index.php\/wp-json\/wp\/v2\/pages\/7","targetHints":{"allow":["GET"]}}],"collection":[{"href":"https:\/\/pgv.pgik.se\/index.php\/wp-json\/wp\/v2\/pages"}],"about":[{"href":"https:\/\/pgv.pgik.se\/index.php\/wp-json\/wp\/v2\/types\/page"}],"author":[{"embeddable":true,"href":"https:\/\/pgv.pgik.se\/index.php\/wp-json\/wp\/v2\/users\/1"}],"replies":[{"embeddable":true,"href":"https:\/\/pgv.pgik.se\/index.php\/wp-json\/wp\/v2\/comments?post=7"}],"version-history":[{"count":1,"href":"https:\/\/pgv.pgik.se\/index.php\/wp-json\/wp\/v2\/pages\/7\/revisions"}],"predecessor-version":[{"id":15,"href":"https:\/\/pgv.pgik.se\/index.php\/wp-json\/wp\/v2\/pages\/7\/revisions\/15"}],"wp:attachment":[{"href":"https:\/\/pgv.pgik.se\/index.php\/wp-json\/wp\/v2\/media?parent=7"}],"curies":[{"name":"wp","href":"https:\/\/api.w.org\/{rel}","templated":true}]}}